{"id":150,"date":"2022-07-06T13:46:32","date_gmt":"2022-07-06T11:46:32","guid":{"rendered":"http:\/\/cookinw.cluster029.hosting.ovh.net\/bd494352-ovh\/?page_id=150"},"modified":"2023-02-17T15:22:21","modified_gmt":"2023-02-17T14:22:21","slug":"cookingathome","status":"publish","type":"page","link":"https:\/\/cookingathome.be\/","title":{"rendered":"Cooking at Home"},"content":{"rendered":"\n<p><\/p>\n\n\n\n<div style=\"height:100px\" aria-hidden=\"true\" class=\"wp-block-spacer\"><\/div>\n\n\n\n<div class=\"wp-block-group\"><div class=\"wp-block-group__inner-container is-layout-constrained wp-container-core-group-is-layout-fdc12268 wp-block-group-is-layout-constrained\">\n<div class=\"wp-block-columns is-layout-flex wp-container-core-columns-is-layout-9d6595d7 wp-block-columns-is-layout-flex\">\n<div class=\"wp-block-column is-layout-flow wp-block-column-is-layout-flow\">\n<div class=\"wp-block-columns is-layout-flex wp-container-core-columns-is-layout-9d6595d7 wp-block-columns-is-layout-flex\">\n<div class=\"wp-block-column is-layout-flow wp-block-column-is-layout-flow\">\n<p>Cooking at Home, c&rsquo;est votre chef \u00e0 domicile \u00e0 Bruxelles et en Wallonie.<\/p>\n\n\n\n<p>Gilles, chef d\u2019exp\u00e9rience depuis plus de 10 ans a d\u00e9cid\u00e9 de mettre en \u0153uvre sa passion, son engouement &amp; sa soif de vous faire d\u00e9couvrir sa cuisine \u00e0 travers de multiple saveurs.<\/p>\n\n\n\n<p>Julie quant \u00e0 elle, ses exp\u00e9riences de Community management et ses int\u00e9r\u00eats pour la gastronomie lui permettent d\u2019assister sa moiti\u00e9 pour le d\u00e9veloppement de ce projet. Vous l\u2019avez certainement d\u00e9j\u00e0 eu en contact et elle se fera un plaisir de vous conseiller !<\/p>\n\n\n\n<p>Ils ont d\u00e9cid\u00e9 d\u2019allier leurs forces pour cr\u00e9er un concept de chef \u00e0 domicile \u00e0 Bruxelles et en Wallonie \u00e0 la hauteur de vos attentes.<\/p>\n\n\n\n<p>Que ce soit pour un diner entre amis ou pour de plus grandes occasions, Gilles s&rsquo;invite dans votre cuisine pour vous pr\u00e9parer de d\u00e9licieux plats frais.<br>Vous pourrez profiter pleinement de votre soir\u00e9e et des gens que vous aimez.<\/p>\n<\/div>\n\n\n\n<div class=\"wp-block-column is-layout-flow wp-block-column-is-layout-flow\">\n<figure class=\"wp-block-image size-large\"><img loading=\"lazy\" decoding=\"async\" width=\"1024\" height=\"1024\" src=\"http:\/\/cookingathome.be\/wp-content\/uploads\/2022\/09\/Capture-de\u0301cran-2022-07-06-a\u0300-13.12.08-1-1024x1024-1-1024x1024.webp\" alt=\"\" class=\"wp-image-670\" srcset=\"https:\/\/cookingathome.be\/wp-content\/uploads\/2022\/09\/Capture-de\u0301cran-2022-07-06-a\u0300-13.12.08-1-1024x1024-1.webp 1024w, https:\/\/cookingathome.be\/wp-content\/uploads\/2022\/09\/Capture-de\u0301cran-2022-07-06-a\u0300-13.12.08-1-1024x1024-1-100x100.webp 100w, https:\/\/cookingathome.be\/wp-content\/uploads\/2022\/09\/Capture-de\u0301cran-2022-07-06-a\u0300-13.12.08-1-1024x1024-1-600x600.webp 600w, https:\/\/cookingathome.be\/wp-content\/uploads\/2022\/09\/Capture-de\u0301cran-2022-07-06-a\u0300-13.12.08-1-1024x1024-1-300x300.webp 300w, https:\/\/cookingathome.be\/wp-content\/uploads\/2022\/09\/Capture-de\u0301cran-2022-07-06-a\u0300-13.12.08-1-1024x1024-1-150x150.webp 150w, https:\/\/cookingathome.be\/wp-content\/uploads\/2022\/09\/Capture-de\u0301cran-2022-07-06-a\u0300-13.12.08-1-1024x1024-1-768x768.webp 768w\" sizes=\"auto, (max-width: 1024px) 100vw, 1024px\" \/><\/figure>\n<\/div>\n<\/div>\n<\/div>\n<\/div>\n<\/div><\/div>\n\n\n\n<div class=\"wp-block-columns is-layout-flex wp-container-core-columns-is-layout-9d6595d7 wp-block-columns-is-layout-flex\">\n<div class=\"wp-block-column is-layout-flow wp-block-column-is-layout-flow\" style=\"flex-basis:66.66%\">\n<p>Chaque saison, notre chef \u00e0 domicile vous propose 3 nouveaux menus vari\u00e9s pour plaire \u00e0 tous vos invit\u00e9s.<br><\/p>\n<\/div>\n\n\n\n<div class=\"wp-block-column is-layout-flow wp-block-column-is-layout-flow\" style=\"flex-basis:33.33%\">\n<div class=\"wp-block-buttons is-layout-flex wp-block-buttons-is-layout-flex\">\n<div class=\"wp-block-button has-custom-font-size ticss-5f59afb0\" style=\"font-size:14px\"><a class=\"wp-block-button__link wp-element-button\" href=\"http:\/\/cookingathome.be\/index.php\/menu\/\" style=\"border-radius:0px\">VOIR LE MENU<\/a><\/div>\n<\/div>\n<\/div>\n<\/div>\n","protected":false},"excerpt":{"rendered":"<p>Cooking at Home, c&rsquo;est votre chef \u00e0 domicile \u00e0 Bruxelles et en Wallonie. Gilles, chef d\u2019exp\u00e9rience depuis plus de 10 ans a d\u00e9cid\u00e9 de mettre en \u0153uvre sa passion, son engouement &amp; sa soif de vous faire d\u00e9couvrir sa cuisine \u00e0 travers de multiple saveurs. Julie quant \u00e0 elle, ses [&hellip;]<\/p>\n","protected":false},"author":1,"featured_media":0,"parent":0,"menu_order":0,"comment_status":"closed","ping_status":"closed","template":"","meta":{"_coblocks_attr":"","_coblocks_dimensions":"","_coblocks_responsive_height":"","_coblocks_accordion_ie_support":"","_monsterinsights_skip_tracking":false,"_monsterinsights_sitenote_active":false,"_monsterinsights_sitenote_note":"","_monsterinsights_sitenote_category":0,"_themeisle_gutenberg_block_has_review":false,"footnotes":""},"yst_prominent_words":[],"class_list":["post-150","page","type-page","status-publish","hentry"],"_links":{"self":[{"href":"https:\/\/cookingathome.be\/index.php\/wp-json\/wp\/v2\/pages\/150","targetHints":{"allow":["GET"]}}],"collection":[{"href":"https:\/\/cookingathome.be\/index.php\/wp-json\/wp\/v2\/pages"}],"about":[{"href":"https:\/\/cookingathome.be\/index.php\/wp-json\/wp\/v2\/types\/page"}],"author":[{"embeddable":true,"href":"https:\/\/cookingathome.be\/index.php\/wp-json\/wp\/v2\/users\/1"}],"replies":[{"embeddable":true,"href":"https:\/\/cookingathome.be\/index.php\/wp-json\/wp\/v2\/comments?post=150"}],"version-history":[{"count":115,"href":"https:\/\/cookingathome.be\/index.php\/wp-json\/wp\/v2\/pages\/150\/revisions"}],"predecessor-version":[{"id":776,"href":"https:\/\/cookingathome.be\/index.php\/wp-json\/wp\/v2\/pages\/150\/revisions\/776"}],"wp:attachment":[{"href":"https:\/\/cookingathome.be\/index.php\/wp-json\/wp\/v2\/media?parent=150"}],"wp:term":[{"taxonomy":"yst_prominent_words","embeddable":true,"href":"https:\/\/cookingathome.be\/index.php\/wp-json\/wp\/v2\/yst_prominent_words?post=150"}],"curies":[{"name":"wp","href":"https:\/\/api.w.org\/{rel}","templated":true}]}}