{"id":718,"date":"2022-11-29T09:40:33","date_gmt":"2022-11-29T08:40:33","guid":{"rendered":"https:\/\/cookingathome.be\/?page_id=718"},"modified":"2025-01-09T12:50:51","modified_gmt":"2025-01-09T11:50:51","slug":"menu-saint-valentin","status":"publish","type":"page","link":"https:\/\/cookingathome.be\/index.php\/menu-saint-valentin\/","title":{"rendered":"Menu Saint-Valentin"},"content":{"rendered":"\n<p class=\"has-text-align-left\"><em>Livraison de menus pour votre Saint-Valentin !<\/em> <\/p>\n\n\n<div id='ff_form_6' class='ff_form_not_render'>Les commandes sont d\u00e9sormais cl\u00f4tur\u00e9es.<\/div>\n","protected":false},"excerpt":{"rendered":"<p>Livraison de menus pour votre Saint-Valentin !<\/p>\n","protected":false},"author":1,"featured_media":0,"parent":0,"menu_order":0,"comment_status":"closed","ping_status":"closed","template":"","meta":{"_coblocks_attr":"","_coblocks_dimensions":"","_coblocks_responsive_height":"","_coblocks_accordion_ie_support":"","_monsterinsights_skip_tracking":false,"_monsterinsights_sitenote_active":false,"_monsterinsights_sitenote_note":"","_monsterinsights_sitenote_category":0,"_themeisle_gutenberg_block_has_review":false,"footnotes":""},"yst_prominent_words":[],"class_list":["post-718","page","type-page","status-publish","hentry"],"_links":{"self":[{"href":"https:\/\/cookingathome.be\/index.php\/wp-json\/wp\/v2\/pages\/718","targetHints":{"allow":["GET"]}}],"collection":[{"href":"https:\/\/cookingathome.be\/index.php\/wp-json\/wp\/v2\/pages"}],"about":[{"href":"https:\/\/cookingathome.be\/index.php\/wp-json\/wp\/v2\/types\/page"}],"author":[{"embeddable":true,"href":"https:\/\/cookingathome.be\/index.php\/wp-json\/wp\/v2\/users\/1"}],"replies":[{"embeddable":true,"href":"https:\/\/cookingathome.be\/index.php\/wp-json\/wp\/v2\/comments?post=718"}],"version-history":[{"count":10,"href":"https:\/\/cookingathome.be\/index.php\/wp-json\/wp\/v2\/pages\/718\/revisions"}],"predecessor-version":[{"id":987,"href":"https:\/\/cookingathome.be\/index.php\/wp-json\/wp\/v2\/pages\/718\/revisions\/987"}],"wp:attachment":[{"href":"https:\/\/cookingathome.be\/index.php\/wp-json\/wp\/v2\/media?parent=718"}],"wp:term":[{"taxonomy":"yst_prominent_words","embeddable":true,"href":"https:\/\/cookingathome.be\/index.php\/wp-json\/wp\/v2\/yst_prominent_words?post=718"}],"curies":[{"name":"wp","href":"https:\/\/api.w.org\/{rel}","templated":true}]}}